{"id":99,"date":"2019-09-13T17:03:16","date_gmt":"2019-09-13T15:03:16","guid":{"rendered":"https:\/\/www.proterrasancta.org\/sito-betania\/?page_id=99"},"modified":"2024-05-19T11:26:39","modified_gmt":"2024-05-19T09:26:39","slug":"la-comunita-locale","status":"publish","type":"page","link":"https:\/\/bethanyproject.proterrasancta.org\/betania\/progetto-betania\/la-comunita-locale\/","title":{"rendered":"La comunit\u00e0 locale"},"content":{"rendered":"<p>Il villaggio di Betania, chiamato in arabo Al-Azareya, oggi \u00e8 una piccola citt\u00e0 araba situata a tre chilometri da Gerusalemme, di cui rappresentava, fino a qualche anno fa, un sobborgo.<\/p>\n<p>Il progetto che ATS pro Terra Sancta conduce a Betania insieme all\u2019associazione palestinese Mosaic Centre intende coinvolgere le persone pi\u00f9 fragili della comunit\u00e0 nella realizzazione di servizi al turismo, inclusa l\u2019identificazione\u00a0 e commercializzazione di prodotti di qualit\u00e0 legati al luogo. Continuiamo la tradizione che lega Betania alle figure femminili, sperando di poter dare un po\u2019 di sollievo alla disagiata condizione della popolazione locale.<\/p>\n<p>\u00c8 stata avviata la produzione di candele e oli essenziali prodotti con ingredienti naturali, che si rifanno alla tradizione che lega l\u2019unzione di Ges\u00f9 da parte di Maria a Betania.<\/p>\n<p>Per coinvolgere la popolazione locale e per renderla consapevole della grande ricchezza del proprio territorio, i partner del progetto hanno dato vita ad un Festival annuale con attivit\u00e0 rivolte alla popolazione. Il Festival prende il nome \u201cTaht al Qanatir\u201d, in italiano \u201cSotto la Torre\u201d, per sottolineare l\u2019importanza della Torre di Betania, il resto del convento medievale pi\u00f9 riconoscibile.<\/p>\n<p>Per coinvolgere i ragazzi e ragazze locali, il progetto organizza attivit\u00e0 di sensibilizzazione in collaborazione con le scuole, sia visite guidate che laboratori artistici di mosaico e disegno.<\/p>\n<p>&nbsp;<\/p>\n","protected":false},"excerpt":{"rendered":"<p>Il villaggio di Betania, chiamato in arabo Al-Azareya, oggi \u00e8 una piccola citt\u00e0 araba situata a tre chilometri da Gerusalemme, di cui rappresentava, fino a qualche anno fa, un sobborgo. [&hellip;]<\/p>\n","protected":false},"author":2,"featured_media":0,"parent":343,"menu_order":0,"comment_status":"closed","ping_status":"closed","template":"","meta":[],"_links":{"self":[{"href":"https:\/\/bethanyproject.proterrasancta.org\/betania\/wp-json\/wp\/v2\/pages\/99"}],"collection":[{"href":"https:\/\/bethanyproject.proterrasancta.org\/betania\/wp-json\/wp\/v2\/pages"}],"about":[{"href":"https:\/\/bethanyproject.proterrasancta.org\/betania\/wp-json\/wp\/v2\/types\/page"}],"author":[{"embeddable":true,"href":"https:\/\/bethanyproject.proterrasancta.org\/betania\/wp-json\/wp\/v2\/users\/2"}],"replies":[{"embeddable":true,"href":"https:\/\/bethanyproject.proterrasancta.org\/betania\/wp-json\/wp\/v2\/comments?post=99"}],"version-history":[{"count":5,"href":"https:\/\/bethanyproject.proterrasancta.org\/betania\/wp-json\/wp\/v2\/pages\/99\/revisions"}],"predecessor-version":[{"id":1009,"href":"https:\/\/bethanyproject.proterrasancta.org\/betania\/wp-json\/wp\/v2\/pages\/99\/revisions\/1009"}],"up":[{"embeddable":true,"href":"https:\/\/bethanyproject.proterrasancta.org\/betania\/wp-json\/wp\/v2\/pages\/343"}],"wp:attachment":[{"href":"https:\/\/bethanyproject.proterrasancta.org\/betania\/wp-json\/wp\/v2\/media?parent=99"}],"curies":[{"name":"wp","href":"https:\/\/api.w.org\/{rel}","templated":true}]}}