{"id":93,"date":"2019-09-13T16:38:06","date_gmt":"2019-09-13T14:38:06","guid":{"rendered":"https:\/\/www.proterrasancta.org\/sito-betania\/?page_id=93"},"modified":"2024-05-19T11:24:36","modified_gmt":"2024-05-19T09:24:36","slug":"il-progetto-betania","status":"publish","type":"page","link":"https:\/\/bethanyproject.proterrasancta.org\/betania\/progetto-betania\/il-progetto-betania\/","title":{"rendered":"Il progetto Betania"},"content":{"rendered":"<p><strong>Pro Terra Sancta opera nel villaggio dal 2014, collaborando con l&#8217;associazione locale Mosaic Centre. Grazie alla Custodia di Terra Santa e ad altre donazioni private, abbiamo realizzato le prime attivit\u00e0 di tutela degli antichi resti archeologici che versavano in stato di degrado e abbandono. Dal 2017 al 2020 abbiamo realizzato un progetto di turismo sostenibile sostenuto dall&#8217;Agenzia Italiana per la Cooperazione allo Sviluppo (AICS) &#8211; MAECI. Ora \u00e8 in corso il Progetto \u201cProteggere la Palestina: Formazione alla conservazione del patrimonio culturale, al servizio delle istituzioni accademiche e della comunit\u00e0 palestinese\u201d, sempre sostenuto da AICS &#8211; MAECI. Il progetto intende preservare il patrimonio culturale di Betania, concentrandosi sulla formazione e sull&#8217;educazione, coinvolgendo i gruppi vulnerabili della comunit\u00e0 locale, come i giovani e le donne. L&#8217;iniziativa \u00e8 un&#8217;azione congiunta tra pro Terra Santa, Mosaic Centre, Universit\u00e0 Al Quds, Universit\u00e0 di Palermo, Universit\u00e0 di Torino e associazioni femminili locali. \u00c8 sostenuta dal Dipartimento delle Antichit\u00e0 del Ministero palestinese del Turismo e Antichit\u00e0 e dal Comune di Betania.<\/strong><\/p>\n","protected":false},"excerpt":{"rendered":"<p>Pro Terra Sancta opera nel villaggio dal 2014, collaborando con l&#8217;associazione locale Mosaic Centre. Grazie alla Custodia di Terra Santa e ad altre donazioni private, abbiamo realizzato le prime attivit\u00e0 [&hellip;]<\/p>\n","protected":false},"author":2,"featured_media":0,"parent":343,"menu_order":0,"comment_status":"closed","ping_status":"closed","template":"","meta":[],"_links":{"self":[{"href":"https:\/\/bethanyproject.proterrasancta.org\/betania\/wp-json\/wp\/v2\/pages\/93"}],"collection":[{"href":"https:\/\/bethanyproject.proterrasancta.org\/betania\/wp-json\/wp\/v2\/pages"}],"about":[{"href":"https:\/\/bethanyproject.proterrasancta.org\/betania\/wp-json\/wp\/v2\/types\/page"}],"author":[{"embeddable":true,"href":"https:\/\/bethanyproject.proterrasancta.org\/betania\/wp-json\/wp\/v2\/users\/2"}],"replies":[{"embeddable":true,"href":"https:\/\/bethanyproject.proterrasancta.org\/betania\/wp-json\/wp\/v2\/comments?post=93"}],"version-history":[{"count":5,"href":"https:\/\/bethanyproject.proterrasancta.org\/betania\/wp-json\/wp\/v2\/pages\/93\/revisions"}],"predecessor-version":[{"id":1008,"href":"https:\/\/bethanyproject.proterrasancta.org\/betania\/wp-json\/wp\/v2\/pages\/93\/revisions\/1008"}],"up":[{"embeddable":true,"href":"https:\/\/bethanyproject.proterrasancta.org\/betania\/wp-json\/wp\/v2\/pages\/343"}],"wp:attachment":[{"href":"https:\/\/bethanyproject.proterrasancta.org\/betania\/wp-json\/wp\/v2\/media?parent=93"}],"curies":[{"name":"wp","href":"https:\/\/api.w.org\/{rel}","templated":true}]}}