{"id":81,"date":"2019-09-13T15:20:09","date_gmt":"2019-09-13T13:20:09","guid":{"rendered":"https:\/\/www.proterrasancta.org\/sito-betania\/?page_id=81"},"modified":"2020-04-02T09:59:10","modified_gmt":"2020-04-02T07:59:10","slug":"il-miracolo-di-lazzaro","status":"publish","type":"page","link":"https:\/\/bethanyproject.proterrasancta.org\/betania\/betania-nelle-scritture\/betania-nel-vangelo\/il-miracolo-di-lazzaro\/","title":{"rendered":"Il miracolo di Lazzaro"},"content":{"rendered":"<h5 style=\"text-align: center;\">Giovanni 11:1-45<\/h5>\n<p style=\"text-align: left;\"><em>Era allora malato un certo Lazzaro di Betania, il villaggio di Maria e di Marta sua sorella. Maria era quella che aveva cosparso di olio profumato il Signore e gli aveva asciugato i piedi con i suoi capelli; suo fratello Lazzaro era malato. Le sorelle mandarono dunque a dirgli: &#8220;Signore, ecco, il tuo amico \u00e8 malato&#8221;. All&#8217;udire questo, Ges\u00f9 disse: &#8220;Questa malattia non \u00e8 per la morte, ma per la gloria di Dio, perch\u00e9 per essa il Figlio di Dio venga glorificato&#8221;.<\/em><\/p>\n<p style=\"text-align: left;\"><em>Ges\u00f9 voleva molto bene a Marta, a sua sorella e a Lazzaro. Quand&#8217;ebbe dunque sentito che era malato, si trattenne due giorni nel luogo dove si trovava. Poi, disse ai discepoli: &#8220;Andiamo di nuovo in Giudea!&#8221;.<\/em><\/p>\n<p style=\"text-align: left;\"><em>I discepoli gli dissero: &#8220;Rabb\u00ec, poco fa i Giudei cercavano di lapidarti e tu ci vai di nuovo?&#8221;. Ges\u00f9 rispose: &#8220;Non sono forse dodici le ore del giorno? Se uno cammina di giorno, non inciampa, perch\u00e9 vede la luce di questo mondo; ma se invece uno cammina di notte, inciampa, perch\u00e9 gli manca la luce&#8221;. Cos\u00ec parl\u00f2 e poi soggiunse loro: &#8220;Il nostro amico Lazzaro s&#8217;\u00e8 addormentato; ma io vado a svegliarlo&#8221;. Gli dissero allora\u00a0 i discepoli: &#8220;Signore, se s&#8217;\u00e8 addormentato, guarir\u00e0&#8221;.<\/em><\/p>\n<p style=\"text-align: left;\"><em>Ges\u00f9 parlava della morte di lui, essi invece pensarono che si riferisse al riposo del sonno. Allora Ges\u00f9 disse loro apertamente: &#8220;Lazzaro \u00e8 morto e io sono contento per voi di non essere stato l\u00e0, perch\u00e9 voi crediate. Ors\u00f9, andiamo da lui!&#8221;. Allora Tommaso, chiamato D\u00ecdimo, disse ai condiscepoli: &#8220;Andiamo anche noi a morire con lui!&#8221;. Venne dunque Ges\u00f9 e trov\u00f2 Lazzaro che era gia da quattro giorni nel sepolcro. Betania distava da Gerusalemme meno di due miglia e molti Giudei erano venuti da Marta\u00a0 e Maria per consolarle per il loro fratello. Marta dunque, come seppe che veniva Ges\u00f9, gli and\u00f2 incontro; Maria invece stava seduta in casa.<\/em><\/p>\n<p style=\"text-align: left;\"><em>Marta disse a Ges\u00f9: &#8220;Signore, se tu fossi stato qui, mio fratello non sarebbe morto! Ma anche ora so che qualunque cosa chiederai a Dio, egli te la conceder\u00e0&#8221;. Ges\u00f9 le disse: &#8220;Tuo fratello risusciter\u00e0&#8221;. Gli rispose\u00a0 Marta: \u00a0&#8220;So che risusciter\u00e0 nell&#8217;ultimo giorno&#8221;. Ges\u00f9 le disse: &#8220;Io sono la risurrezione e la vita; chi crede in me, anche se muore, vivr\u00e0; chiunque vive e crede in me, non morr\u00e0 in eterno. Credi tu questo?&#8221;. Gli rispose: &#8220;S\u00ec, o Signore, io credo che tu sei il Cristo, il Figlio di Dio che deve venire nel mondo&#8221;.<\/em><\/p>\n<p style=\"text-align: left;\"><em>Dopo queste parole se ne and\u00f2 a chiamare di nascosto Maria, sua sorella, dicendo: &#8220;Il Maestro \u00e8 qui e ti chiama&#8221;. Quella, udito ci\u00f2, si alz\u00f2 in fretta e and\u00f2 da lui. Ges\u00f9 non era entrato nel villaggio, ma si trovava ancora l\u00e0 dove Marta gli era andata incontro. Allora i Giudei che erano in casa con lei a consolarla, quando videro Maria alzarsi in fretta e uscire, la seguirono pensando: &#8220;Va al sepolcro per piangere l\u00e0&#8221;. Maria, dunque, quando giunse dov&#8217;era Ges\u00f9, vistolo si gett\u00f2 ai suoi piedi dicendo: &#8220;Signore, se tu fossi stato qui, mio fratello non sarebbe morto!&#8221;.<\/em><\/p>\n<p style=\"text-align: left;\"><em>Ges\u00f9 allora quando la vide piangere e piangere anche i Giudei che erano venuti con lei, si commosse profondamente, si turb\u00f2 e disse: &#8220;Dove l&#8217;avete posto?&#8221;. Gli dissero: &#8220;Signore, vieni a vedere!&#8221;. Ges\u00f9 scoppi\u00f2 in pianto. Dissero allora i Giudei: &#8220;Vedi come lo amava!&#8221;. Ma alcuni di loro dissero: &#8220;Costui che ha aperto gli occhi al cieco non poteva anche far s\u00ec che questi non morisse?&#8221;. Intanto Ges\u00f9, ancora profondamente commosso, si rec\u00f2 al sepolcro; era una grotta e contro vi era posta una pietra. Disse Ges\u00f9: &#8220;Togliete la pietra!&#8221;. Gli rispose Marta, la sorella del morto: &#8220;Signore, gi\u00e0 manda cattivo odore, poich\u00e9 \u00e8 di quattro giorni&#8221;. Le disse Ges\u00f9: &#8220;Non ti ho detto che, se credi, vedrai la gloria di Dio?&#8221;.<\/em><\/p>\n<p style=\"text-align: left;\"><em>Tolsero dunque la pietra. Ges\u00f9 allora alz\u00f2 gli occhi e disse: &#8220;Padre, ti ringrazio che mi hai ascoltato. Io sapevo che sempre mi dai ascolto, ma l&#8217;ho detto per la gente che mi sta attorno, perch\u00e9 credano che tu mi hai mandato&#8221;. E, detto questo, grid\u00f2 a gran voce: &#8220;Lazzaro, vieni fuori!&#8221;. Il morto usc\u00ec, con i piedi e le mani avvolti in bende, e il volto coperto da un sudario. Ges\u00f9 disse loro: &#8220;Scioglietelo e lasciatelo andare&#8221;.<\/em><\/p>\n<\/div>\n<\/div>\n<div class=\"mosaico mt totitem1\">\n<div class=\"moz\">\n<div class=\"item item0\"><img width=\"600\" height=\"400\" src=\"https:\/\/bethanyproject.proterrasancta.org\/betania\/wp-content\/uploads\/2019\/09\/15-lazarus-basilica-di-santapollinare-nuovo-ravenna-italy-6th-century_b-600x400.jpg\" class=\"attachment-gallery size-gallery wp-post-image\" alt=\"\" loading=\"lazy\" \/><\/p>\n<h2><a href=\"https:\/\/bethanyproject.proterrasancta.org\/betania\/lazzaro-nella-storia-dellarte\/\">Lazzaro nell'arte<\/a><\/h2>\n<p><a href=\"https:\/\/bethanyproject.proterrasancta.org\/betania\/lazzaro-nella-storia-dellarte\/\" class=\"linkabs\"><\/a><\/p>\n<div class=\"itemfilter\"><\/div>\n<\/div>\n<\/div>\n<\/div>\n<div class=\"textpost\">\n<div class=\"moz\">\n","protected":false},"excerpt":{"rendered":"<p>Giovanni 11:1-45 Era allora malato un certo Lazzaro di Betania, il villaggio di Maria e di Marta sua sorella. Maria era quella che aveva cosparso di olio profumato il Signore [&hellip;]<\/p>\n","protected":false},"author":2,"featured_media":222,"parent":34,"menu_order":0,"comment_status":"closed","ping_status":"closed","template":"","meta":[],"_links":{"self":[{"href":"https:\/\/bethanyproject.proterrasancta.org\/betania\/wp-json\/wp\/v2\/pages\/81"}],"collection":[{"href":"https:\/\/bethanyproject.proterrasancta.org\/betania\/wp-json\/wp\/v2\/pages"}],"about":[{"href":"https:\/\/bethanyproject.proterrasancta.org\/betania\/wp-json\/wp\/v2\/types\/page"}],"author":[{"embeddable":true,"href":"https:\/\/bethanyproject.proterrasancta.org\/betania\/wp-json\/wp\/v2\/users\/2"}],"replies":[{"embeddable":true,"href":"https:\/\/bethanyproject.proterrasancta.org\/betania\/wp-json\/wp\/v2\/comments?post=81"}],"version-history":[{"count":5,"href":"https:\/\/bethanyproject.proterrasancta.org\/betania\/wp-json\/wp\/v2\/pages\/81\/revisions"}],"predecessor-version":[{"id":655,"href":"https:\/\/bethanyproject.proterrasancta.org\/betania\/wp-json\/wp\/v2\/pages\/81\/revisions\/655"}],"up":[{"embeddable":true,"href":"https:\/\/bethanyproject.proterrasancta.org\/betania\/wp-json\/wp\/v2\/pages\/34"}],"wp:featuredmedia":[{"embeddable":true,"href":"https:\/\/bethanyproject.proterrasancta.org\/betania\/wp-json\/wp\/v2\/media\/222"}],"wp:attachment":[{"href":"https:\/\/bethanyproject.proterrasancta.org\/betania\/wp-json\/wp\/v2\/media?parent=81"}],"curies":[{"name":"wp","href":"https:\/\/api.w.org\/{rel}","templated":true}]}}