{"id":8,"date":"2019-06-09T20:20:19","date_gmt":"2019-06-09T18:20:19","guid":{"rendered":"https:\/\/www.proterrasancta.org\/sito-betania\/?page_id=8"},"modified":"2024-03-27T07:52:31","modified_gmt":"2024-03-27T06:52:31","slug":"betania","status":"publish","type":"page","link":"https:\/\/bethanyproject.proterrasancta.org\/betania\/","title":{"rendered":"Betania"},"content":{"rendered":"<h1 style=\"text-align: center;\">Visita la casa di Lazzaro, Marta e Maria in Terra Santa!<\/h1>\n<p style=\"text-align: left;\">A pochi chilometri da <strong>Gerusalemme<\/strong> c&#8217;\u00e8 <strong>Betania<\/strong>, uno dei luoghi preferiti di Ges\u00f9 perch\u00e9 casa di alcuni tra i suoi pi\u00f9 grandi amici: Lazzaro, Marta e Maria. Motivo per cui \u00e8 chiamata anche <strong>Casa dell&#8217;amicizia<\/strong>. Una citt\u00e0 antichissima, ricca di storia e di cultura, ma che purtroppo oggi si trova in condizioni terribili. A Betania <strong>lavoriamo tutti insieme<\/strong> per far rinascere la citt\u00e0 e fare in modo che torni ad essere anche oggi casa accogliente di amicizia.<\/p>\n<h3 style=\"text-align: center; margin: 0px 0px 20px;\"><strong>Scoprila anche tu!\u00a0<\/strong><\/h3>\n<\/div>\n<\/div>\n<div class=\"mosaico mt totitem3\">\n<div class=\"moz\">\n<div class=\"item item0\"><img width=\"600\" height=\"400\" src=\"https:\/\/bethanyproject.proterrasancta.org\/betania\/wp-content\/uploads\/2023\/12\/DSC00496-scaled-e1716106302186-600x400.jpg\" class=\"attachment-gallery size-gallery wp-post-image\" alt=\"\" loading=\"lazy\" \/><\/p>\n<h2><a href=\"https:\/\/bethanyproject.proterrasancta.org\/betania\/la-tomba-di-lazzaro\/\">La tomba di Lazzaro<\/a><\/h2>\n<p><a href=\"https:\/\/bethanyproject.proterrasancta.org\/betania\/la-tomba-di-lazzaro\/\" class=\"linkabs\"><\/a><\/p>\n<div class=\"itemfilter\"><\/div>\n<\/div>\n<div class=\"item item1\"><img width=\"600\" height=\"400\" src=\"https:\/\/bethanyproject.proterrasancta.org\/betania\/wp-content\/uploads\/2023\/11\/DSC08848-600x400.jpg\" class=\"attachment-gallery size-gallery wp-post-image\" alt=\"\" loading=\"lazy\" srcset=\"https:\/\/bethanyproject.proterrasancta.org\/betania\/wp-content\/uploads\/2023\/11\/DSC08848-600x400.jpg 600w, https:\/\/bethanyproject.proterrasancta.org\/betania\/wp-content\/uploads\/2023\/11\/DSC08848-800x532.jpg 800w, https:\/\/bethanyproject.proterrasancta.org\/betania\/wp-content\/uploads\/2023\/11\/DSC08848-300x199.jpg 300w, https:\/\/bethanyproject.proterrasancta.org\/betania\/wp-content\/uploads\/2023\/11\/DSC08848-768x511.jpg 768w, https:\/\/bethanyproject.proterrasancta.org\/betania\/wp-content\/uploads\/2023\/11\/DSC08848-1536x1021.jpg 1536w, https:\/\/bethanyproject.proterrasancta.org\/betania\/wp-content\/uploads\/2023\/11\/DSC08848-2048x1362.jpg 2048w, https:\/\/bethanyproject.proterrasancta.org\/betania\/wp-content\/uploads\/2023\/11\/DSC08848-scaled.jpg 1600w\" sizes=\"(max-width: 600px) 100vw, 600px\" \/><\/p>\n<h2><a href=\"https:\/\/bethanyproject.proterrasancta.org\/betania\/betania-oggi\/\">Betania oggi<\/a><\/h2>\n<p><a href=\"https:\/\/bethanyproject.proterrasancta.org\/betania\/betania-oggi\/\" class=\"linkabs\"><\/a><\/p>\n<div class=\"itemfilter\"><\/div>\n<\/div>\n<div class=\"item item2\"><img width=\"600\" height=\"400\" src=\"https:\/\/bethanyproject.proterrasancta.org\/betania\/wp-content\/uploads\/2019\/10\/WhatsApp-Image-2019-10-31-at-16.13.26-Copia-600x400.jpeg\" class=\"attachment-gallery size-gallery wp-post-image\" alt=\"\" loading=\"lazy\" \/><\/p>\n<h2><a href=\"https:\/\/bethanyproject.proterrasancta.org\/betania\/sito-archeologico\/visita\/\">Come raggiungerci<\/a><\/h2>\n<p><a href=\"https:\/\/bethanyproject.proterrasancta.org\/betania\/sito-archeologico\/visita\/\" class=\"linkabs\"><\/a><\/p>\n<div class=\"itemfilter\"><\/div>\n<\/div>\n<\/div>\n<\/div>\n<div class=\"textpost\">\n<div class=\"moz\">\n","protected":false},"excerpt":{"rendered":"<p>Visita la casa di Lazzaro, Marta e Maria in Terra Santa! A pochi chilometri da Gerusalemme c&#8217;\u00e8 Betania, uno dei luoghi preferiti di Ges\u00f9 perch\u00e9 casa di alcuni tra i [&hellip;]<\/p>\n","protected":false},"author":1,"featured_media":987,"parent":0,"menu_order":0,"comment_status":"closed","ping_status":"closed","template":"page_home.php","meta":[],"_links":{"self":[{"href":"https:\/\/bethanyproject.proterrasancta.org\/betania\/wp-json\/wp\/v2\/pages\/8"}],"collection":[{"href":"https:\/\/bethanyproject.proterrasancta.org\/betania\/wp-json\/wp\/v2\/pages"}],"about":[{"href":"https:\/\/bethanyproject.proterrasancta.org\/betania\/wp-json\/wp\/v2\/types\/page"}],"author":[{"embeddable":true,"href":"https:\/\/bethanyproject.proterrasancta.org\/betania\/wp-json\/wp\/v2\/users\/1"}],"replies":[{"embeddable":true,"href":"https:\/\/bethanyproject.proterrasancta.org\/betania\/wp-json\/wp\/v2\/comments?post=8"}],"version-history":[{"count":7,"href":"https:\/\/bethanyproject.proterrasancta.org\/betania\/wp-json\/wp\/v2\/pages\/8\/revisions"}],"predecessor-version":[{"id":988,"href":"https:\/\/bethanyproject.proterrasancta.org\/betania\/wp-json\/wp\/v2\/pages\/8\/revisions\/988"}],"wp:featuredmedia":[{"embeddable":true,"href":"https:\/\/bethanyproject.proterrasancta.org\/betania\/wp-json\/wp\/v2\/media\/987"}],"wp:attachment":[{"href":"https:\/\/bethanyproject.proterrasancta.org\/betania\/wp-json\/wp\/v2\/media?parent=8"}],"curies":[{"name":"wp","href":"https:\/\/api.w.org\/{rel}","templated":true}]}}