{"id":627,"date":"2020-04-01T16:45:46","date_gmt":"2020-04-01T14:45:46","guid":{"rendered":"https:\/\/www.bethanyproject.proterrasancta.org\/?page_id=627"},"modified":"2020-04-03T12:02:30","modified_gmt":"2020-04-03T10:02:30","slug":"marta-e-maria-nellarte","status":"publish","type":"page","link":"https:\/\/bethanyproject.proterrasancta.org\/betania\/marta-e-maria-nellarte\/","title":{"rendered":"Marta e Maria nell&#8217;arte"},"content":{"rendered":"<p>Maria e Marta di Betania sono le sorelle di Lazzaro, nella cui casa Ges\u00f9 spesso si recava in visita. Nel Vangelo, e quindi nelle rappresentazioni artistiche, Marta \u00e8 presentata come la donna di casa, sollecita e indaffarata per accogliere degnamente Ges\u00f9, mentre la sorella Maria preferisce starsene quieta in ascolto delle parole del Maestro. Marta \u00e8 rappresentata a volte mentre accoglie Ges\u00f9 all\u2019ingresso di Betania, per avvisarlo della morte di Lazzaro.<\/p>\n<p>A causa dell&#8217;episodio dell\u2019unzione di Ges\u00f9 nella casa di Betania riportato dal vangelo di Giovanni, Maria \u00e8 stata identificata da alcuni con Maria Maddalena. \u00c8 presentata quindi mentre durante una cena cosparge la testa o i piedi di Ges\u00f9 con il nardo, un unguento molto prezioso, e lo asciuga con i suoi capelli, oppure da sola in meditazione, con a fianco l\u2019unguentario.<\/p>\n<p>&nbsp;<\/p>\n","protected":false},"excerpt":{"rendered":"<p>Maria e Marta di Betania sono le sorelle di Lazzaro, nella cui casa Ges\u00f9 spesso si recava in visita. Nel Vangelo, e quindi nelle rappresentazioni artistiche, Marta \u00e8 presentata come [&hellip;]<\/p>\n","protected":false},"author":2,"featured_media":0,"parent":0,"menu_order":0,"comment_status":"closed","ping_status":"closed","template":"","meta":[],"_links":{"self":[{"href":"https:\/\/bethanyproject.proterrasancta.org\/betania\/wp-json\/wp\/v2\/pages\/627"}],"collection":[{"href":"https:\/\/bethanyproject.proterrasancta.org\/betania\/wp-json\/wp\/v2\/pages"}],"about":[{"href":"https:\/\/bethanyproject.proterrasancta.org\/betania\/wp-json\/wp\/v2\/types\/page"}],"author":[{"embeddable":true,"href":"https:\/\/bethanyproject.proterrasancta.org\/betania\/wp-json\/wp\/v2\/users\/2"}],"replies":[{"embeddable":true,"href":"https:\/\/bethanyproject.proterrasancta.org\/betania\/wp-json\/wp\/v2\/comments?post=627"}],"version-history":[{"count":5,"href":"https:\/\/bethanyproject.proterrasancta.org\/betania\/wp-json\/wp\/v2\/pages\/627\/revisions"}],"predecessor-version":[{"id":630,"href":"https:\/\/bethanyproject.proterrasancta.org\/betania\/wp-json\/wp\/v2\/pages\/627\/revisions\/630"}],"wp:attachment":[{"href":"https:\/\/bethanyproject.proterrasancta.org\/betania\/wp-json\/wp\/v2\/media?parent=627"}],"curies":[{"name":"wp","href":"https:\/\/api.w.org\/{rel}","templated":true}]}}