{"id":34,"date":"2019-06-10T16:27:14","date_gmt":"2019-06-10T14:27:14","guid":{"rendered":"https:\/\/www.proterrasancta.org\/sito-betania\/?page_id=34"},"modified":"2020-04-05T11:24:38","modified_gmt":"2020-04-05T09:24:38","slug":"betania-nel-vangelo","status":"publish","type":"page","link":"https:\/\/bethanyproject.proterrasancta.org\/betania\/betania-nelle-scritture\/betania-nel-vangelo\/","title":{"rendered":"Betania nel Vangelo"},"content":{"rendered":"<blockquote>\n<p style=\"text-align: center;\"><em> Li lasci\u00f2, usc\u00ec fuori dalla citt\u00e0, verso Bet\u00e0nia, e l\u00e0 trascorse la notte. <\/em><\/p>\n<\/blockquote>\n<p>Il racconto evangelico della presenza di Ges\u00f9 a Betania \u00e8 molto complesso e ambienta scene diverse in luoghi differenti. Betania \u00e8 identificata come il villaggio di Maria e Marta, dove Ges\u00f9 resuscita il loro fratello Lazzaro, e dove viene unto da Maria nella casa di Simone il Lebbroso. La tradizione pi\u00f9 recente pone la casa di Marta e Maria dove oggi c\u2019\u00e8 il santuario francescano e la tomba di Lazzaro appena un po&#8217; pi\u00f9 in su, lungo la strada che sale lungo le pendici del Monte degli Ulivi. Si ricorda inoltre il luogo dell\u2019incontro fra Ges\u00f9 e Marta, segnalato da una pietra, che a partire dal medioevo \u00e8 stato localizzato lungo la strada che scende a Gerico.<\/p>\n<p>Clicca sui riquadri qui sotto per scoprirli!<\/p>\n<p style=\"text-align: center;\"><\/div>\n<\/div>\n<div class=\"mosaico mt totitem2\">\n<div class=\"moz\">\n<div class=\"item item0\"><img width=\"496\" height=\"400\" src=\"https:\/\/bethanyproject.proterrasancta.org\/betania\/wp-content\/uploads\/2019\/09\/lazarus2-496x400.jpg\" class=\"attachment-gallery size-gallery wp-post-image\" alt=\"\" loading=\"lazy\" \/><\/p>\n<h2><a href=\"https:\/\/bethanyproject.proterrasancta.org\/betania\/betania-nelle-scritture\/betania-nel-vangelo\/il-miracolo-di-lazzaro\/\">Il miracolo di Lazzaro<\/a><\/h2>\n<p><a href=\"https:\/\/bethanyproject.proterrasancta.org\/betania\/betania-nelle-scritture\/betania-nel-vangelo\/il-miracolo-di-lazzaro\/\" class=\"linkabs\"><\/a><\/p>\n<div class=\"itemfilter\"><\/div>\n<\/div>\n<div class=\"item item1\"><img width=\"459\" height=\"397\" src=\"https:\/\/bethanyproject.proterrasancta.org\/betania\/wp-content\/uploads\/2024\/05\/martha-and-maria.jpg\" class=\"attachment-gallery size-gallery wp-post-image\" alt=\"\" loading=\"lazy\" srcset=\"https:\/\/bethanyproject.proterrasancta.org\/betania\/wp-content\/uploads\/2024\/05\/martha-and-maria.jpg 459w, https:\/\/bethanyproject.proterrasancta.org\/betania\/wp-content\/uploads\/2024\/05\/martha-and-maria-300x259.jpg 300w\" sizes=\"(max-width: 459px) 100vw, 459px\" \/><\/p>\n<h2><a href=\"https:\/\/bethanyproject.proterrasancta.org\/betania\/betania-nelle-scritture\/betania-nel-vangelo\/marta-e-maria\/\">Marta e Maria<\/a><\/h2>\n<p><a href=\"https:\/\/bethanyproject.proterrasancta.org\/betania\/betania-nelle-scritture\/betania-nel-vangelo\/marta-e-maria\/\" class=\"linkabs\"><\/a><\/p>\n<div class=\"itemfilter\"><\/div>\n<\/div>\n<\/div>\n<\/div>\n<div class=\"textpost\">\n<div class=\"moz\">\n","protected":false},"excerpt":{"rendered":"<p>Li lasci\u00f2, usc\u00ec fuori dalla citt\u00e0, verso Bet\u00e0nia, e l\u00e0 trascorse la notte. Il racconto evangelico della presenza di Ges\u00f9 a Betania \u00e8 molto complesso e ambienta scene diverse in [&hellip;]<\/p>\n","protected":false},"author":1,"featured_media":0,"parent":284,"menu_order":0,"comment_status":"closed","ping_status":"closed","template":"","meta":[],"_links":{"self":[{"href":"https:\/\/bethanyproject.proterrasancta.org\/betania\/wp-json\/wp\/v2\/pages\/34"}],"collection":[{"href":"https:\/\/bethanyproject.proterrasancta.org\/betania\/wp-json\/wp\/v2\/pages"}],"about":[{"href":"https:\/\/bethanyproject.proterrasancta.org\/betania\/wp-json\/wp\/v2\/types\/page"}],"author":[{"embeddable":true,"href":"https:\/\/bethanyproject.proterrasancta.org\/betania\/wp-json\/wp\/v2\/users\/1"}],"replies":[{"embeddable":true,"href":"https:\/\/bethanyproject.proterrasancta.org\/betania\/wp-json\/wp\/v2\/comments?post=34"}],"version-history":[{"count":4,"href":"https:\/\/bethanyproject.proterrasancta.org\/betania\/wp-json\/wp\/v2\/pages\/34\/revisions"}],"predecessor-version":[{"id":748,"href":"https:\/\/bethanyproject.proterrasancta.org\/betania\/wp-json\/wp\/v2\/pages\/34\/revisions\/748"}],"up":[{"embeddable":true,"href":"https:\/\/bethanyproject.proterrasancta.org\/betania\/wp-json\/wp\/v2\/pages\/284"}],"wp:attachment":[{"href":"https:\/\/bethanyproject.proterrasancta.org\/betania\/wp-json\/wp\/v2\/media?parent=34"}],"curies":[{"name":"wp","href":"https:\/\/api.w.org\/{rel}","templated":true}]}}