{"id":26,"date":"2019-06-10T16:24:41","date_gmt":"2019-06-10T14:24:41","guid":{"rendered":"https:\/\/www.proterrasancta.org\/sito-betania\/?page_id=26"},"modified":"2020-04-03T11:52:29","modified_gmt":"2020-04-03T09:52:29","slug":"i-lavori","status":"publish","type":"page","link":"https:\/\/bethanyproject.proterrasancta.org\/betania\/progetto-betania\/i-lavori\/","title":{"rendered":"Il Restauro"},"content":{"rendered":"<p>Nel progetto sono molto rilevanti i lavori di restauro che sono occasione di formazione per alcuni giovani locali come tecnici di restauro.\u00a0 I restauri e la formazione sono affidati alla direzione dell\u2019arch. Osama Hamdan e del gruppo di restauratori del Mosaic Centre e sono realizzati grazie al finanziamento dell\u2019AICS (Agenzia Italiana per la Cooperazione e lo Sviluppo). Molte sono state le aree recuperate e rese accessibili da progetto, grazie anche ai lavori di scavo archeologico realizzati in collaborazione con il prof. Ibrahim Abu Amr e i suoi studenti della Al Quds University e con la supervisione del prof. Eugenio Alliata dello Studium Biblicum Franciscanum.<\/p>\n<p>L\u2019obiettivo principale delle azioni di scavo e restauro \u00e8 quello di ampliare il percorso di visita dei turisti e di formare ragazzi locali alla manutenzione del patrimonio culturale.<\/p>\n<p>La collaborazione con l\u2019universit\u00e0 locale \u00e8 uno scambio importante. Gli studenti dell\u2019universit\u00e0 hanno l\u2019opportunit\u00e0 di migliorare le proprie capacit\u00e0 tecniche e possono sperimentare nel concreto le modalit\u00e0 di scavo e allo stesso tempo contribuiscono alla salvezza e valorizzazione del sito.<\/p>\n<p>Un\u2019altra operazione molto apprezzata dai turisti e dalla popolazione locale \u00e8 stata la visita virtuale alla Tomba di Lazzaro. Alla tomba infatti si accede solo attraverso una ripida scala scavata nella roccia nel XVI secolo dai Francescani. Un kit 3D, sviluppato da un team di ragazzi palestinesi, garantisce la visita virtuale della tomba per i pellegrini e turisti con disabilit\u00e0 motorie ai quali \u00e8 impossibile l\u2019accesso. La gestione del supporto \u00e8 stata affidata ad uno dei negozi di souvenir che gestisce l\u2019accesso alla tomba per conto della Municipalit\u00e0 di Betania.<\/p>\n","protected":false},"excerpt":{"rendered":"<p>Nel progetto sono molto rilevanti i lavori di restauro che sono occasione di formazione per alcuni giovani locali come tecnici di restauro.\u00a0 I restauri e la formazione sono affidati alla [&hellip;]<\/p>\n","protected":false},"author":1,"featured_media":0,"parent":343,"menu_order":0,"comment_status":"closed","ping_status":"closed","template":"","meta":[],"_links":{"self":[{"href":"https:\/\/bethanyproject.proterrasancta.org\/betania\/wp-json\/wp\/v2\/pages\/26"}],"collection":[{"href":"https:\/\/bethanyproject.proterrasancta.org\/betania\/wp-json\/wp\/v2\/pages"}],"about":[{"href":"https:\/\/bethanyproject.proterrasancta.org\/betania\/wp-json\/wp\/v2\/types\/page"}],"author":[{"embeddable":true,"href":"https:\/\/bethanyproject.proterrasancta.org\/betania\/wp-json\/wp\/v2\/users\/1"}],"replies":[{"embeddable":true,"href":"https:\/\/bethanyproject.proterrasancta.org\/betania\/wp-json\/wp\/v2\/comments?post=26"}],"version-history":[{"count":4,"href":"https:\/\/bethanyproject.proterrasancta.org\/betania\/wp-json\/wp\/v2\/pages\/26\/revisions"}],"predecessor-version":[{"id":684,"href":"https:\/\/bethanyproject.proterrasancta.org\/betania\/wp-json\/wp\/v2\/pages\/26\/revisions\/684"}],"up":[{"embeddable":true,"href":"https:\/\/bethanyproject.proterrasancta.org\/betania\/wp-json\/wp\/v2\/pages\/343"}],"wp:attachment":[{"href":"https:\/\/bethanyproject.proterrasancta.org\/betania\/wp-json\/wp\/v2\/media?parent=26"}],"curies":[{"name":"wp","href":"https:\/\/api.w.org\/{rel}","templated":true}]}}